{"id":686,"date":"2024-11-12T13:48:12","date_gmt":"2024-11-12T12:48:12","guid":{"rendered":"http:\/\/srv38703.seohost.com.pl\/web\/ns\/?page_id=686"},"modified":"2024-11-19T10:35:57","modified_gmt":"2024-11-19T09:35:57","slug":"trener","status":"publish","type":"page","link":"https:\/\/srv38703.seohost.com.pl\/web\/ns\/trener\/","title":{"rendered":"Trener"},"content":{"rendered":"\t\t<div data-elementor-type=\"wp-page\" data-elementor-id=\"686\" class=\"elementor elementor-686\" data-elementor-post-type=\"page\">\n\t\t\t\t\t\t<section class=\"elementor-section elementor-top-section elementor-element elementor-element-235b988c elementor-section-boxed elementor-section-height-default elementor-section-height-default\" data-id=\"235b988c\" data-element_type=\"section\" data-settings=\"{&quot;background_background&quot;:&quot;classic&quot;}\">\n\t\t\t\t\t\t\t<div class=\"elementor-background-overlay\"><\/div>\n\t\t\t\t\t\t\t<div class=\"elementor-container elementor-column-gap-default\">\n\t\t\t\t\t<div class=\"elementor-column elementor-col-100 elementor-top-column elementor-element elementor-element-4eed81aa\" data-id=\"4eed81aa\" data-element_type=\"column\" data-settings=\"{&quot;background_background&quot;:&quot;classic&quot;}\">\n\t\t\t<div class=\"elementor-widget-wrap elementor-element-populated\">\n\t\t\t\t\t\t<div class=\"elementor-element elementor-element-30a996ab elementor-invisible elementor-widget elementor-widget-heading\" data-id=\"30a996ab\" data-element_type=\"widget\" data-settings=\"{&quot;_animation&quot;:&quot;fadeInDown&quot;}\" data-widget_type=\"heading.default\">\n\t\t\t\t<div class=\"elementor-widget-container\">\n\t\t\t<style>\/*! elementor - v3.23.0 - 15-07-2024 *\/\n.elementor-heading-title{padding:0;margin:0;line-height:1}.elementor-widget-heading .elementor-heading-title[class*=elementor-size-]>a{color:inherit;font-size:inherit;line-height:inherit}.elementor-widget-heading .elementor-heading-title.elementor-size-small{font-size:15px}.elementor-widget-heading .elementor-heading-title.elementor-size-medium{font-size:19px}.elementor-widget-heading .elementor-heading-title.elementor-size-large{font-size:29px}.elementor-widget-heading .elementor-heading-title.elementor-size-xl{font-size:39px}.elementor-widget-heading .elementor-heading-title.elementor-size-xxl{font-size:59px}<\/style><h2 class=\"elementor-heading-title elementor-size-default\">Trener<\/h2>\t\t<\/div>\n\t\t\t\t<\/div>\n\t\t\t\t\t<\/div>\n\t\t<\/div>\n\t\t\t\t\t<\/div>\n\t\t<\/section>\n\t\t\t\t<section class=\"elementor-section elementor-top-section elementor-element elementor-element-6c59e323 elementor-section-boxed elementor-section-height-default elementor-section-height-default\" data-id=\"6c59e323\" data-element_type=\"section\" data-settings=\"{&quot;background_background&quot;:&quot;classic&quot;}\">\n\t\t\t\t\t\t\t<div class=\"elementor-background-overlay\"><\/div>\n\t\t\t\t\t\t\t<div class=\"elementor-container elementor-column-gap-default\">\n\t\t\t\t\t<div class=\"elementor-column elementor-col-100 elementor-top-column elementor-element elementor-element-20d3dca1\" data-id=\"20d3dca1\" data-element_type=\"column\">\n\t\t\t<div class=\"elementor-widget-wrap elementor-element-populated\">\n\t\t\t\t\t\t<div class=\"elementor-element elementor-element-1261bbf3 elementor-invisible elementor-widget elementor-widget-heading\" data-id=\"1261bbf3\" data-element_type=\"widget\" data-settings=\"{&quot;_animation&quot;:&quot;fadeInDown&quot;}\" data-widget_type=\"heading.default\">\n\t\t\t\t<div class=\"elementor-widget-container\">\n\t\t\t<h2 class=\"elementor-heading-title elementor-size-default\">Trener i Prezes klubu<\/h2>\t\t<\/div>\n\t\t\t\t<\/div>\n\t\t\t\t<div class=\"elementor-element elementor-element-18d13862 elementor-widget elementor-widget-heading\" data-id=\"18d13862\" data-element_type=\"widget\" data-widget_type=\"heading.default\">\n\t\t\t\t<div class=\"elementor-widget-container\">\n\t\t\t<h2 class=\"elementor-heading-title elementor-size-default\">Kilka s\u0142\u00f3w o Trenerze<\/h2>\t\t<\/div>\n\t\t\t\t<\/div>\n\t\t\t\t<section class=\"elementor-section elementor-inner-section elementor-element elementor-element-7d6e2463 elementor-reverse-tablet elementor-reverse-mobile elementor-section-boxed elementor-section-height-default elementor-section-height-default\" data-id=\"7d6e2463\" data-element_type=\"section\">\n\t\t\t\t\t\t<div class=\"elementor-container elementor-column-gap-default\">\n\t\t\t\t\t<div class=\"elementor-column elementor-col-50 elementor-inner-column elementor-element elementor-element-58b203cc\" data-id=\"58b203cc\" data-element_type=\"column\">\n\t\t\t<div class=\"elementor-widget-wrap elementor-element-populated\">\n\t\t\t\t\t\t<div class=\"elementor-element elementor-element-5afb803 elementor-widget elementor-widget-image\" data-id=\"5afb803\" data-element_type=\"widget\" data-widget_type=\"image.default\">\n\t\t\t\t<div class=\"elementor-widget-container\">\n\t\t\t\t\t\t\t\t\t\t\t\t\t<img fetchpriority=\"high\" decoding=\"async\" width=\"800\" height=\"960\" src=\"https:\/\/srv38703.seohost.com.pl\/web\/ns\/wp-content\/uploads\/2024\/11\/trener.webp\" class=\"attachment-large size-large wp-image-690\" alt=\"\" srcset=\"https:\/\/srv38703.seohost.com.pl\/web\/ns\/wp-content\/uploads\/2024\/11\/trener.webp 800w, https:\/\/srv38703.seohost.com.pl\/web\/ns\/wp-content\/uploads\/2024\/11\/trener-250x300.webp 250w, https:\/\/srv38703.seohost.com.pl\/web\/ns\/wp-content\/uploads\/2024\/11\/trener-768x922.webp 768w\" sizes=\"(max-width: 800px) 100vw, 800px\" \/>\t\t\t\t\t\t\t\t\t\t\t\t\t<\/div>\n\t\t\t\t<\/div>\n\t\t\t\t\t<\/div>\n\t\t<\/div>\n\t\t\t\t<div class=\"elementor-column elementor-col-50 elementor-inner-column elementor-element elementor-element-217514ff\" data-id=\"217514ff\" data-element_type=\"column\">\n\t\t\t<div class=\"elementor-widget-wrap elementor-element-populated\">\n\t\t\t\t\t\t<div class=\"elementor-element elementor-element-55f50c05 elementor-widget elementor-widget-text-editor\" data-id=\"55f50c05\" data-element_type=\"widget\" data-widget_type=\"text-editor.default\">\n\t\t\t\t<div class=\"elementor-widget-container\">\n\t\t\t<style>\/*! elementor - v3.23.0 - 15-07-2024 *\/\n.elementor-widget-text-editor.elementor-drop-cap-view-stacked .elementor-drop-cap{background-color:#69727d;color:#fff}.elementor-widget-text-editor.elementor-drop-cap-view-framed .elementor-drop-cap{color:#69727d;border:3px solid;background-color:transparent}.elementor-widget-text-editor:not(.elementor-drop-cap-view-default) .elementor-drop-cap{margin-top:8px}.elementor-widget-text-editor:not(.elementor-drop-cap-view-default) .elementor-drop-cap-letter{width:1em;height:1em}.elementor-widget-text-editor .elementor-drop-cap{float:left;text-align:center;line-height:1;font-size:50px}.elementor-widget-text-editor .elementor-drop-cap-letter{display:inline-block}<\/style>\t\t\t\t<h2 class=\"fs1\">Adam Roszczyk&nbsp;<strong style=\"color: inherit; font-family: var( --e-global-typography-d3dae9a-font-family ), Sans-serif; font-size: var( --e-global-typography-d3dae9a-font-size ); letter-spacing: var( --e-global-typography-d3dae9a-letter-spacing ); word-spacing: var( --e-global-typography-d3dae9a-word-spacing );\">VI DAN<\/strong><\/h2>\n<p><b>Data ur.:<\/b>&nbsp;9.11.1975r. WARSZAWA<br>\n<b>Wzrost:<\/b>&nbsp;188cm,&nbsp;<b>Waga:<\/b>&nbsp;90kg<br>\n<b>Wykszta\u0142cenie:<\/b>&nbsp;wy\u017csze techniczne<\/p>\t\t\t\t\t\t<\/div>\n\t\t\t\t<\/div>\n\t\t\t\t<div class=\"elementor-element elementor-element-71b316d elementor-blockquote--skin-boxed elementor-blockquote--align-left elementor-blockquote--button-color-official elementor-widget elementor-widget-blockquote\" data-id=\"71b316d\" data-element_type=\"widget\" data-widget_type=\"blockquote.default\">\n\t\t\t\t<div class=\"elementor-widget-container\">\n\t\t\t<style>\/*! elementor-pro - v3.23.0 - 15-07-2024 *\/\n@charset \"UTF-8\";.entry-content blockquote.elementor-blockquote:not(.alignright):not(.alignleft),.entry-summary blockquote.elementor-blockquote{margin-right:0;margin-left:0}.elementor-widget-blockquote blockquote{margin:0;padding:0;outline:0;font-size:100%;vertical-align:baseline;background:transparent;quotes:none;border:0;font-style:normal;color:#3f444b}.elementor-widget-blockquote blockquote .e-q-footer:after,.elementor-widget-blockquote blockquote .e-q-footer:before,.elementor-widget-blockquote blockquote:after,.elementor-widget-blockquote blockquote:before,.elementor-widget-blockquote blockquote cite:after,.elementor-widget-blockquote blockquote cite:before{content:none}.elementor-blockquote{transition:.3s}.elementor-blockquote__author,.elementor-blockquote__content{margin-bottom:0;font-style:normal}.elementor-blockquote__author{font-weight:700}.elementor-blockquote .e-q-footer{margin-top:12px;display:flex;justify-content:space-between}.elementor-blockquote__tweet-button{display:flex;transition:.3s;color:#1da1f2;align-self:flex-end;line-height:1;position:relative;width:-moz-max-content;width:max-content}.elementor-blockquote__tweet-button:hover{color:#0967a0}.elementor-blockquote__tweet-button span{font-weight:600}.elementor-blockquote__tweet-button i,.elementor-blockquote__tweet-button span{vertical-align:middle}.elementor-blockquote__tweet-button i+span,.elementor-blockquote__tweet-button svg+span{margin-inline-start:.5em}.elementor-blockquote__tweet-button svg{fill:#1da1f2;height:1em;width:1em}.elementor-blockquote__tweet-label{white-space:pre-wrap}.elementor-blockquote--button-skin-bubble .elementor-blockquote__tweet-button,.elementor-blockquote--button-skin-classic .elementor-blockquote__tweet-button{padding:.7em 1.2em;border-radius:100em;background-color:#1da1f2;color:#fff;font-size:15px}.elementor-blockquote--button-skin-bubble .elementor-blockquote__tweet-button:hover,.elementor-blockquote--button-skin-classic .elementor-blockquote__tweet-button:hover{background-color:#0967a0;color:#fff}.elementor-blockquote--button-skin-bubble .elementor-blockquote__tweet-button:hover:before,.elementor-blockquote--button-skin-classic .elementor-blockquote__tweet-button:hover:before{border-inline-end-color:#0967a0}.elementor-blockquote--button-skin-bubble .elementor-blockquote__tweet-button svg,.elementor-blockquote--button-skin-classic .elementor-blockquote__tweet-button svg{fill:#fff;height:1em;width:1em}.elementor-blockquote--button-skin-bubble.elementor-blockquote--button-view-icon .elementor-blockquote__tweet-button,.elementor-blockquote--button-skin-classic.elementor-blockquote--button-view-icon .elementor-blockquote__tweet-button{padding:0;width:2em;height:2em}.elementor-blockquote--button-skin-bubble.elementor-blockquote--button-view-icon .elementor-blockquote__tweet-button i,.elementor-blockquote--button-skin-classic.elementor-blockquote--button-view-icon .elementor-blockquote__tweet-button i{position:absolute;left:50%;top:50%;transform:translate(-50%,-50%)}.elementor-blockquote--button-skin-bubble .elementor-blockquote__tweet-button:before{content:\"\";border:.5em solid transparent;border-inline-end-color:#1da1f2;position:absolute;left:-.8em;top:50%;transform:translateY(-50%) scaleY(.65);transition:.3s}.elementor-blockquote--button-skin-bubble.elementor-blockquote--align-left .elementor-blockquote__tweet-button:before{right:auto;left:-.8em;border-right-color:#1da1f2;border-left-color:transparent}.elementor-blockquote--button-skin-bubble.elementor-blockquote--align-left .elementor-blockquote__tweet-button:hover:before{border-right-color:#0967a0}.elementor-blockquote--button-skin-bubble.elementor-blockquote--align-right .elementor-blockquote__tweet-button:before{left:auto;right:-.8em;border-right-color:transparent;border-left-color:#1da1f2}.elementor-blockquote--button-skin-bubble.elementor-blockquote--align-right .elementor-blockquote__tweet-button:hover:before{border-left-color:#0967a0}.elementor-blockquote--skin-boxed .elementor-blockquote{background-color:#f9fafa;padding:30px}.elementor-blockquote--skin-border .elementor-blockquote{border-color:#f9fafa;border-style:solid;border-inline-start-width:7px;padding-inline-start:20px}.elementor-blockquote--skin-quotation .elementor-blockquote:before{content:\"\u201c\";font-size:100px;color:#f9fafa;font-family:Times New Roman,Times,serif;font-weight:900;line-height:1;display:block;height:.6em}.elementor-blockquote--skin-quotation .elementor-blockquote__content{margin-top:15px}.elementor-blockquote--align-left .elementor-blockquote__content{text-align:left}.elementor-blockquote--align-left .elementor-blockquote .e-q-footer{flex-direction:row}.elementor-blockquote--align-right .elementor-blockquote__content{text-align:right}.elementor-blockquote--align-right .elementor-blockquote .e-q-footer{flex-direction:row-reverse}.elementor-blockquote--align-center .elementor-blockquote{text-align:center}.elementor-blockquote--align-center .elementor-blockquote .e-q-footer,.elementor-blockquote--align-center .elementor-blockquote__author{display:block}.elementor-blockquote--align-center .elementor-blockquote__tweet-button{margin-right:auto;margin-left:auto}<\/style>\t\t<blockquote class=\"elementor-blockquote\">\n\t\t\t<p class=\"elementor-blockquote__content\">\n\t\t\t\tCzarny pas, to bia\u0142y pas, kt\u00f3ry nigdy nie przesta\u0142 trenowa\u0107.\t\t\t<\/p>\n\t\t\t\t\t\t\t<div class=\"e-q-footer\">\n\t\t\t\t\t\t\t\t\t\t\t<cite class=\"elementor-blockquote__author\">Motto motywacyjne \ud83d\ude09<\/cite>\n\t\t\t\t\t\t\t\t\t\t\t\t\t\t<\/div>\n\t\t\t\t\t<\/blockquote>\n\t\t\t\t<\/div>\n\t\t\t\t<\/div>\n\t\t\t\t<div class=\"elementor-element elementor-element-f6477e7 elementor-widget elementor-widget-text-editor\" data-id=\"f6477e7\" data-element_type=\"widget\" data-widget_type=\"text-editor.default\">\n\t\t\t\t<div class=\"elementor-widget-container\">\n\t\t\t\t\t\t\t<h4>Stanowisko\/zaw\u00f3d\/funkcje:<\/h4>\n<ul>\n \t<li>Instruktor Taekwon-do w w\/w klubie\n<a title=\"Licencja Polskiego Zwi\u0105zku Taekwon-do\" href=\"https:\/\/www.taekwondo-nowysacz.pl\/images\/stories\/files\/SKMBT_C20309032510471.pdf\" target=\"licencja\">Licencja Polskiego Zwi\u0105zku Taekwon-do uprawniaj\u0105ca do prowadzenia zaj\u0119\u0107 taekwon-do[.pdf]<\/a><\/li>\n \t<li>Trener klasy drugiej\n<a title=\"Dyplom trenera klasy drugiej\" href=\"https:\/\/www.taekwondo-nowysacz.pl\/images\/stories\/files\/SKMBT_C20310012909080.pdf\" target=\"dyplom\">Dyplom trenera klasy drugiej[.pdf]<\/a>\n<a title=\"Praca dyplomowa trenerska\" href=\"https:\/\/www.taekwondo-nowysacz.pl\/images\/stories\/files\/Praca_dyplomowa_trenerska.pdf\" target=\"praca_dyplomowa\">Praca dyplomowa na stopie\u0144 trenera klasy drugiej[.pdf]<\/a><\/li>\n \t<li>S\u0119dzia mi\u0119dzynarodowy klasy B<\/li>\n \t<li>Dyrektor ds. technicznych i eksploatacji pojazd\u00f3w w\u00a0<a href=\"http:\/\/www.zettransport.pl\/\" target=\"zettransport\">firmie transportowej Zettransport sp. z o.o. w Nowym S\u0105czu<\/a>.<\/li>\n<\/ul>\t\t\t\t\t\t<\/div>\n\t\t\t\t<\/div>\n\t\t\t\t<div class=\"elementor-element elementor-element-468b221e elementor-widget__width-auto elementor-view-default elementor-widget elementor-widget-icon\" data-id=\"468b221e\" data-element_type=\"widget\" data-widget_type=\"icon.default\">\n\t\t\t\t<div class=\"elementor-widget-container\">\n\t\t\t\t\t<div class=\"elementor-icon-wrapper\">\n\t\t\t<div class=\"elementor-icon\">\n\t\t\t<i aria-hidden=\"true\" class=\"icon icon-quote2\"><\/i>\t\t\t<\/div>\n\t\t<\/div>\n\t\t\t\t<\/div>\n\t\t\t\t<\/div>\n\t\t\t\t\t<\/div>\n\t\t<\/div>\n\t\t\t\t\t<\/div>\n\t\t<\/section>\n\t\t\t\t\t<\/div>\n\t\t<\/div>\n\t\t\t\t\t<\/div>\n\t\t<\/section>\n\t\t<div class=\"elementor-element elementor-element-d71889e e-flex e-con-boxed e-con e-parent\" data-id=\"d71889e\" data-element_type=\"container\">\n\t\t\t\t\t<div class=\"e-con-inner\">\n\t\t<div class=\"elementor-element elementor-element-643e16c e-con-full e-flex e-con e-child\" data-id=\"643e16c\" data-element_type=\"container\">\n\t\t\t\t<div class=\"elementor-element elementor-element-8097dd8 elementor-widget elementor-widget-text-editor\" data-id=\"8097dd8\" data-element_type=\"widget\" data-widget_type=\"text-editor.default\">\n\t\t\t\t<div class=\"elementor-widget-container\">\n\t\t\t\t\t\t\t<h4>Klub:<\/h4>\n<ul>\n<li>1991-2005r. &#8211; klub TKKF Taekwon Mokot\u00f3w Warszawa, trener Mistrz Janusz Gutkowski VII Dan<\/li>\n<li>Od 2006r. &#8211; Nowos\u0105decki Klub Sportowy Taekwon-do<\/li>\n<\/ul>\n<h4>Kariera (data rozpocz\u0119cia trening\u00f3w, egzaminy):<\/h4>\n<ul>\n<li>Wrzesie\u0144 1991r &#8211; rozpocz\u0119cie treningu Taekwon-do<\/li>\n<li>Grudzie\u0144 1995r &#8211; uzyskanie stopnia mistrzowskiego&nbsp; I Dan<\/li>\n<li>Wrzesie\u0144 1998r &#8211; uzyskanie stopnia mistrzowskiego II Dan<\/li>\n<li>Marzec 2009r &#8211; uzyskanie stopnia mistrzowskiego &nbsp; III Dan<\/li>\n<li>Marzec 2012r &#8211; uzyskanie stopnia mistrzowskiego&nbsp;&nbsp; IV Dan<\/li>\n<li>Marzec 2016r &#8211; uzyskanie stopnia mistrzowskiego &nbsp;&nbsp; V Dan<\/li>\n<li>Marzec 2021r &#8211; uzyskanie stopnia mistrzowskiego &nbsp;&nbsp; VI Dan<\/li>\n<\/ul>\n<h4>Szczeg\u00f3lne osi\u0105gni\u0119cia sportowe, zawodowe:<\/h4>\n<ul>\n<li>V-ce mistrz w ind. walkach kat. +80kg, Mistrzostwa Polski w Lubartowie 1996 rok.<\/li>\n<li>V-ce mistrz w testach si\u0142y, Mistrzostwa Polski w Lubartowie 1996 rok.<\/li>\n<\/ul>\n<h4>Zainteresowania, Hobby:<\/h4>\n<ul>\n<li>Sport (sztuki walki, pi\u0142ka no\u017cna, F1, sporty zimowe), ksi\u0105\u017cka, Internet<\/li>\n<\/ul>\n<h4>Dodatkowo o sobie:<\/h4>\n<ul>\n<li>Uczestnik seminari\u00f3w z gen. Choi Hong Hi, Kim Jong Su, Jedut Jerzy.<\/li>\n<\/ul>\n<h4>Kontakt:<\/h4>\n<ul>\n<li>E-mail:&nbsp;<span id=\"cloakc55226579fd4df92d9c519b10bcfccaf\"><a href=\"mailto:taekwondo.itf@vp.pl\">taekwondo.itf@vp.pl<\/a><\/span><\/li>\n<li>Tel.: +48 694 404 401<\/li>\n<\/ul>\n<p>&nbsp;<\/p>\t\t\t\t\t\t<\/div>\n\t\t\t\t<\/div>\n\t\t\t\t<div class=\"elementor-element elementor-element-f36ff2b elementor-widget elementor-widget-image\" data-id=\"f36ff2b\" data-element_type=\"widget\" data-widget_type=\"image.default\">\n\t\t\t\t<div class=\"elementor-widget-container\">\n\t\t\t\t\t\t\t\t\t\t\t\t\t<img decoding=\"async\" width=\"800\" height=\"523\" src=\"https:\/\/srv38703.seohost.com.pl\/web\/ns\/wp-content\/uploads\/2024\/11\/certUmpire-1024x670.webp\" class=\"attachment-large size-large wp-image-717\" alt=\"\" srcset=\"https:\/\/srv38703.seohost.com.pl\/web\/ns\/wp-content\/uploads\/2024\/11\/certUmpire-1024x670.webp 1024w, https:\/\/srv38703.seohost.com.pl\/web\/ns\/wp-content\/uploads\/2024\/11\/certUmpire-300x196.webp 300w, https:\/\/srv38703.seohost.com.pl\/web\/ns\/wp-content\/uploads\/2024\/11\/certUmpire-768x502.webp 768w, https:\/\/srv38703.seohost.com.pl\/web\/ns\/wp-content\/uploads\/2024\/11\/certUmpire.webp 1500w\" sizes=\"(max-width: 800px) 100vw, 800px\" \/>\t\t\t\t\t\t\t\t\t\t\t\t\t<\/div>\n\t\t\t\t<\/div>\n\t\t\t\t<\/div>\n\t\t<div class=\"elementor-element elementor-element-e7c07e8 e-con-full e-flex e-con e-child\" data-id=\"e7c07e8\" data-element_type=\"container\">\n\t\t\t\t<div class=\"elementor-element elementor-element-ef67608 elementor-widget elementor-widget-image\" data-id=\"ef67608\" data-element_type=\"widget\" data-widget_type=\"image.default\">\n\t\t\t\t<div class=\"elementor-widget-container\">\n\t\t\t\t\t\t\t\t\t\t\t\t\t<img decoding=\"async\" width=\"455\" height=\"305\" src=\"https:\/\/srv38703.seohost.com.pl\/web\/ns\/wp-content\/uploads\/2024\/11\/leg.jpg\" class=\"attachment-large size-large wp-image-691\" alt=\"\" srcset=\"https:\/\/srv38703.seohost.com.pl\/web\/ns\/wp-content\/uploads\/2024\/11\/leg.jpg 455w, https:\/\/srv38703.seohost.com.pl\/web\/ns\/wp-content\/uploads\/2024\/11\/leg-300x201.jpg 300w\" sizes=\"(max-width: 455px) 100vw, 455px\" \/>\t\t\t\t\t\t\t\t\t\t\t\t\t<\/div>\n\t\t\t\t<\/div>\n\t\t\t\t<div class=\"elementor-element elementor-element-1e602b8 elementor-widget elementor-widget-image\" data-id=\"1e602b8\" data-element_type=\"widget\" data-widget_type=\"image.default\">\n\t\t\t\t<div class=\"elementor-widget-container\">\n\t\t\t\t\t\t\t\t\t\t\t\t\t<img loading=\"lazy\" decoding=\"async\" width=\"576\" height=\"1024\" src=\"https:\/\/srv38703.seohost.com.pl\/web\/ns\/wp-content\/uploads\/2024\/11\/cert6Dan-576x1024.webp\" class=\"attachment-large size-large wp-image-716\" alt=\"\" srcset=\"https:\/\/srv38703.seohost.com.pl\/web\/ns\/wp-content\/uploads\/2024\/11\/cert6Dan-576x1024.webp 576w, https:\/\/srv38703.seohost.com.pl\/web\/ns\/wp-content\/uploads\/2024\/11\/cert6Dan-169x300.webp 169w, https:\/\/srv38703.seohost.com.pl\/web\/ns\/wp-content\/uploads\/2024\/11\/cert6Dan-768x1366.webp 768w, https:\/\/srv38703.seohost.com.pl\/web\/ns\/wp-content\/uploads\/2024\/11\/cert6Dan.webp 800w\" sizes=\"(max-width: 576px) 100vw, 576px\" \/>\t\t\t\t\t\t\t\t\t\t\t\t\t<\/div>\n\t\t\t\t<\/div>\n\t\t\t\t<\/div>\n\t\t\t\t\t<\/div>\n\t\t\t\t<\/div>\n\t\t\t\t<\/div>\n\t\t","protected":false},"excerpt":{"rendered":"<p>Trener Trener i Prezes klubu Kilka s\u0142\u00f3w o Trenerze Adam Roszczyk&nbsp;VI DAN Data ur.:&nbsp;9.11.1975r. WARSZAWA Wzrost:&nbsp;188cm,&nbsp;Waga:&nbsp;90kg Wykszta\u0142cenie:&nbsp;wy\u017csze techniczne Czarny pas, to bia\u0142y pas, kt\u00f3ry nigdy nie przesta\u0142 trenowa\u0107. Motto motywacyjne \ud83d\ude09 Stanowisko\/zaw\u00f3d\/funkcje: Instruktor Taekwon-do w w\/w klubie Licencja Polskiego Zwi\u0105zku Taekwon-do uprawniaj\u0105ca do prowadzenia zaj\u0119\u0107 taekwon-do[.pdf] Trener klasy drugiej Dyplom trenera klasy drugiej[.pdf] Praca dyplomowa [&hellip;]<\/p>\n","protected":false},"author":1,"featured_media":0,"parent":0,"menu_order":0,"comment_status":"closed","ping_status":"closed","template":"elementor_header_footer","meta":{"ngg_post_thumbnail":0,"footnotes":""},"class_list":["post-686","page","type-page","status-publish","hentry"],"_links":{"self":[{"href":"https:\/\/srv38703.seohost.com.pl\/web\/ns\/wp-json\/wp\/v2\/pages\/686","targetHints":{"allow":["GET"]}}],"collection":[{"href":"https:\/\/srv38703.seohost.com.pl\/web\/ns\/wp-json\/wp\/v2\/pages"}],"about":[{"href":"https:\/\/srv38703.seohost.com.pl\/web\/ns\/wp-json\/wp\/v2\/types\/page"}],"author":[{"embeddable":true,"href":"https:\/\/srv38703.seohost.com.pl\/web\/ns\/wp-json\/wp\/v2\/users\/1"}],"replies":[{"embeddable":true,"href":"https:\/\/srv38703.seohost.com.pl\/web\/ns\/wp-json\/wp\/v2\/comments?post=686"}],"version-history":[{"count":19,"href":"https:\/\/srv38703.seohost.com.pl\/web\/ns\/wp-json\/wp\/v2\/pages\/686\/revisions"}],"predecessor-version":[{"id":770,"href":"https:\/\/srv38703.seohost.com.pl\/web\/ns\/wp-json\/wp\/v2\/pages\/686\/revisions\/770"}],"wp:attachment":[{"href":"https:\/\/srv38703.seohost.com.pl\/web\/ns\/wp-json\/wp\/v2\/media?parent=686"}],"curies":[{"name":"wp","href":"https:\/\/api.w.org\/{rel}","templated":true}]}}